{"id":1606,"date":"2024-10-04T18:40:35","date_gmt":"2024-10-04T21:40:35","guid":{"rendered":"https:\/\/www.vidracariamineirao.com.br\/site1\/?page_id=1606"},"modified":"2024-10-09T20:00:45","modified_gmt":"2024-10-09T23:00:45","slug":"politica-de-cookies","status":"publish","type":"page","link":"https:\/\/www.vidracariamineirao.com.br\/site1\/politica-de-cookies\/","title":{"rendered":"POL\u00cdTICA DE COOKIES"},"content":{"rendered":"\n<p>N\u00f3s utilizamos cookies para garantir que voc\u00ea tenha a melhor experi\u00eancia em nosso site. Todos os cookies, exceto os essenciais, necessitam de seu consentimento para serem executados <\/p>\n\n\n\n<p><\/p>\n\n\n\n<p><strong>1. Aviso de Cookies<br><\/strong>Voc\u00ea deve estar ciente de que quando acessa ou usa nosso conte\u00fado, produtos e servi\u00e7os, podemos coletar informa\u00e7\u00f5es de seus dispositivos atrav\u00e9s do uso de cookies.<br>Os cookies desempenham v\u00e1rias fun\u00e7\u00f5es diferentes e o objetivo desta pol\u00edtica \u00e9 dar-lhe uma compreens\u00e3o mais clara do que s\u00e3o cookies, porque os usamos, quais cookies usamos, como pode controlar o uso de cookies.<br>Na medida em que esses cookies n\u00e3o sejam estritamente necess\u00e1rios para o funcionamento do site e para a presta\u00e7\u00e3o de nossos servi\u00e7os, solicitaremos que voc\u00ea autorize o uso de cookies quando visitar nosso site pela primeira vez.<br>Salvo disposi\u00e7\u00e3o em contr\u00e1rio nesta pol\u00edtica, a Pol\u00edtica de Privacidade se aplica ao nosso processamento dos dados que coletamos por meio de cookies.<\/p>\n\n\n\n<p><strong>2. Sobre cookies<br><\/strong>Cookies s\u00e3o arquivos de texto contendo uma pequena quantidade de informa\u00e7\u00f5es que s\u00e3o baixadas para o seu dispositivo quando voc\u00ea visita um site. Essas informa\u00e7\u00f5es podem ser sobre voc\u00ea, suas prefer\u00eancias ou seu dispositivo e s\u00e3o usadas principalmente para melhorar sua experi\u00eancia online e para garantir que o conte\u00fado e as fun\u00e7\u00f5es relevantes sejam entregues e usados de forma mais eficaz. Seu navegador disponibiliza cookies cada vez que voc\u00ea visita nossos sites.<br>Os cookies normalmente n\u00e3o cont\u00eam nenhuma informa\u00e7\u00e3o que identifique pessoalmente um usu\u00e1rio, mas as informa\u00e7\u00f5es pessoais que armazenamos sobre voc\u00ea podem estar vinculadas \u00e0s informa\u00e7\u00f5es armazenadas e obtidas a partir dos cookies.<br>Como respeitamos seu direito \u00e0 privacidade, voc\u00ea pode optar por n\u00e3o permitir alguns tipos de cookies. No entanto, o bloqueio de alguns tipos de cookies pode afetar sua experi\u00eancia no site e os servi\u00e7os que podemos oferecer. Para obter informa\u00e7\u00f5es sobre como gerenciar cookies, consulte a se\u00e7\u00e3o 3.<\/p>\n\n\n\n<p><strong>3. Cookies usados em nosso site<br><\/strong>Usamos cookies de sess\u00e3o e cookies persistentes para executar v\u00e1rias fun\u00e7\u00f5es em nossos sites. Os cookies de sess\u00e3o s\u00e3o baixados para o seu dispositivo temporariamente durante o per\u00edodo em que voc\u00ea navegar em um determinado site; esses cookies podem permitir que voc\u00ea navegue entre as p\u00e1ginas com mais efici\u00eancia ou permitir que os sites se lembrem das prefer\u00eancias que voc\u00ea selecionar. Os cookies persistentes ser\u00e3o armazenados por um navegador da web e permanecer\u00e3o v\u00e1lidos at\u00e9 a data de expira\u00e7\u00e3o definida, a menos que sejam exclu\u00eddos pelo usu\u00e1rio. Esses cookies podem ser usados para ajudar os sites a se lembrarem de voc\u00ea como um visitante recorrente e podem conter dados como detalhes de login, informa\u00e7\u00f5es de contato e n\u00fameros de contas, para que voc\u00ea n\u00e3o precise digit\u00e1-los toda vez que usar o site.<br>Alguns cookies s\u00e3o colocados pelo operador do site. Eles s\u00e3o chamados de cookies prim\u00e1rios. Os cookies tamb\u00e9m podem ser colocados em seu dispositivo por outra parte que n\u00e3o o operador do site, nossos provedores de servi\u00e7o. Esses cookies s\u00e3o conhecidos como cookies de terceiros.<br>Embora haja muitos usos diferentes para cookies, os cookies que podemos usar se enquadram em uma das seguintes categorias principais.<\/p>\n\n\n\n<p><strong>3.1. Cookies estritamente necess\u00e1rios<br><\/strong>Esses cookies s\u00e3o estritamente necess\u00e1rios para o funcionamento do nosso site. Eles s\u00e3o usados para fornecer conte\u00fado a voc\u00ea, como usu\u00e1rio, e para fornecer produtos e servi\u00e7os que voc\u00ea solicitou.<br>Esses cookies s\u00e3o essenciais para ajudar seu dispositivo a baixar ou transmitir informa\u00e7\u00f5es para que voc\u00ea possa navegar em nossos sites e usar seus recursos. Eles s\u00e3o usados para manter um status de login de um usu\u00e1rio entre p\u00e1ginas ou para manter uma sess\u00e3o de usu\u00e1rio an\u00f4nimo pelo servidor.<br>N\u00e3o armazenam nenhuma informa\u00e7\u00e3o de identifica\u00e7\u00e3o pessoal e sem eles o site n\u00e3o funciona, por isso n\u00e3o podem ser desativados.<\/p>\n\n\n\n<p><strong>3.2. Cookies funcionais<br><\/strong>Esses cookies s\u00e3o usados para reconhec\u00ea-lo quando voc\u00ea retorna aos nossos sites e nos permite lembrar as escolhas que voc\u00ea faz e nos permite fornecer recursos aprimorados. Eles tamb\u00e9m aprimoram a funcionalidade de nossos sites. Os cookies funcionais registram informa\u00e7\u00f5es sobre as escolhas que voc\u00ea fez (como prefer\u00eancia de idioma) e nos permitem fornecer mais recursos pessoais.<br>Eles podem ser definidos por n\u00f3s ou por provedores terceiros cujos servi\u00e7os adicionamos \u00e0s nossas p\u00e1ginas.<br>Se voc\u00ea n\u00e3o permitir esses cookies, alguns ou todos esses servi\u00e7os podem n\u00e3o funcionar corretamente.<\/p>\n\n\n\n<p><strong>3.3. Cookies de desempenho<br><\/strong>Esses cookies s\u00e3o usados para coletar informa\u00e7\u00f5es sobre o uso do site. Embora esses cookies n\u00e3o o identifiquem pessoalmente enquanto voc\u00ea n\u00e3o estiver logado, eles coletar\u00e3o as informa\u00e7\u00f5es do seu navegador e dados an\u00f4nimos e ser\u00e3o usados para fornecer estat\u00edsticas agregadas sobre os visitantes de nossos sites. Essas estat\u00edsticas s\u00e3o utilizadas para fins internos para nos ajudar a testar e melhorar o desempenho de nossos sites, proporcionando uma melhor experi\u00eancia do usu\u00e1rio. Em certos casos, alguns desses cookies s\u00e3o gerenciados por terceiros. Esses terceiros n\u00e3o s\u00e3o capazes de usar esses cookies para qualquer finalidade diferente das descritas acima e n\u00e3o s\u00e3o capazes de se identificar com esses cookies.<br>Se voc\u00ea n\u00e3o permitir esses cookies em nosso site, n\u00e3o poderemos monitorar seu desempenho.<\/p>\n\n\n\n<p><strong>3.4. Cookies segmentados<br><\/strong>Esses cookies registram sua visita ao nosso site, as p\u00e1ginas que visitou e os produtos que selecionou. Usaremos essas informa\u00e7\u00f5es para tornar nosso site e a publicidade exibida mais relevantes aos seus interesses. Esses cookies podem ser definidos em nosso site por nossos parceiros de publicidade. Eles podem ser usados por essas empresas para construir um perfil de seus interesses e mostrar an\u00fancios relevantes em outros sites. Os cookies de segmenta\u00e7\u00e3o tamb\u00e9m s\u00e3o usados para coletar informa\u00e7\u00f5es sobre os h\u00e1bitos do navegador para direcionar o conte\u00fado do site e para direcionar a publicidade; fornecer aos anunciantes informa\u00e7\u00f5es sobre a sua visita para que possam apresentar-lhe an\u00fancios que lhe possam interessar; para fornecer conte\u00fado e comunica\u00e7\u00f5es de marketing sob medida para seus interesses com base nas informa\u00e7\u00f5es de sua visita; limitar o n\u00famero de vezes que voc\u00ea v\u00ea um an\u00fancio; ajudam a medir a efic\u00e1cia de uma campanha publicit\u00e1ria.<br>Eles n\u00e3o armazenam informa\u00e7\u00f5es pessoais diretamente, mas se baseiam na identifica\u00e7\u00e3o exclusiva de seu navegador e dispositivo de Internet. Se voc\u00ea n\u00e3o permitir esses cookies, ter\u00e1 publicidade menos direcionada.<\/p>\n\n\n\n<p><strong>3.5. Preven\u00e7\u00e3o de Fraudes<br><\/strong>Esses cookies armazenam informa\u00e7\u00f5es que nos ajudam a impedir o uso fraudulento do site.<\/p>\n\n\n\n<p><strong>4. Gerenciando cookies<br><\/strong>Voc\u00ea pode aceitar ou rejeitar cookies de diferentes maneiras, por exemplo, alterando a configura\u00e7\u00e3o do seu navegador ou limpando o cookie existente.<br>Esteja ciente de que se voc\u00ea ajustar as configura\u00e7\u00f5es de cookies por meio do navegador da web, a menos que voc\u00ea exclua ou bloqueie cada cookie individualmente, as altera\u00e7\u00f5es ser\u00e3o aplicadas a todos os sites que voc\u00ea visitar \u2013 n\u00e3o apenas aos nossos sites. Voc\u00ea tamb\u00e9m precisar\u00e1 ajustar seus cookies de navegador para navegador.<br>Observe tamb\u00e9m que a exclus\u00e3o de nossos cookies ou a desativa\u00e7\u00e3o de nossos cookies futuros significa que voc\u00ea pode n\u00e3o ser capaz de acessar certas \u00e1reas ou recursos do site. Por exemplo, se seu navegador estiver configurado para desabilitar cookies de sess\u00e3o, voc\u00ea n\u00e3o poder\u00e1 fazer logon em sua conta.<\/p>\n\n\n\n<p><strong>Descubra como gerenciar cookies em navegadores populares:<br><\/strong>Google Chrome<br>Microsoft Edge<br>Mozilla Firefox<br>Microsoft Internet Explorer<br>Opera<br>Apple Safari<br>Para encontrar informa\u00e7\u00f5es relacionadas a outros navegadores, visite o site do desenvolvedor do navegador.<\/p>\n","protected":false},"excerpt":{"rendered":"<p>N\u00f3s utilizamos cookies para garantir que voc\u00ea tenha a melhor experi\u00eancia em nosso site. Todos os cookies, exceto os essenciais, necessitam de seu consentimento para serem executados 1. Aviso de &#8230;<\/p>\n","protected":false},"author":1,"featured_media":0,"parent":0,"menu_order":0,"comment_status":"closed","ping_status":"closed","template":"","meta":[],"_links":{"self":[{"href":"https:\/\/www.vidracariamineirao.com.br\/site1\/wp-json\/wp\/v2\/pages\/1606"}],"collection":[{"href":"https:\/\/www.vidracariamineirao.com.br\/site1\/wp-json\/wp\/v2\/pages"}],"about":[{"href":"https:\/\/www.vidracariamineirao.com.br\/site1\/wp-json\/wp\/v2\/types\/page"}],"author":[{"embeddable":true,"href":"https:\/\/www.vidracariamineirao.com.br\/site1\/wp-json\/wp\/v2\/users\/1"}],"replies":[{"embeddable":true,"href":"https:\/\/www.vidracariamineirao.com.br\/site1\/wp-json\/wp\/v2\/comments?post=1606"}],"version-history":[{"count":3,"href":"https:\/\/www.vidracariamineirao.com.br\/site1\/wp-json\/wp\/v2\/pages\/1606\/revisions"}],"predecessor-version":[{"id":1653,"href":"https:\/\/www.vidracariamineirao.com.br\/site1\/wp-json\/wp\/v2\/pages\/1606\/revisions\/1653"}],"wp:attachment":[{"href":"https:\/\/www.vidracariamineirao.com.br\/site1\/wp-json\/wp\/v2\/media?parent=1606"}],"curies":[{"name":"wp","href":"https:\/\/api.w.org\/{rel}","templated":true}]}}