{"id":1540,"date":"2021-09-09T17:21:25","date_gmt":"2021-09-09T20:21:25","guid":{"rendered":"http:\/\/localhost\/wordpress\/?page_id=1540"},"modified":"2024-10-09T19:58:29","modified_gmt":"2024-10-09T22:58:29","slug":"contato-principal","status":"publish","type":"page","link":"https:\/\/www.vidracariamineirao.com.br\/site1\/contato-principal\/","title":{"rendered":"CONTATO PRINCIPAL"},"content":{"rendered":"\n<figure id=\"aiContactSafeForm\" class=\"wp-block-table\"><table><tbody><tr><td>Or\u00e7amento On Line:<br><br>Utilize esta p\u00e1gina para enviar um or\u00e7amento para nossa equipe, teremos o prazer em lhe responder!<br>Caso deseje voc\u00ea tamb\u00e9m pode entrar em contato conosco nos seguintes endere\u00e7os e telefones:<\/td><\/tr><\/tbody><\/table><\/figure>\n\n\n\n<div class=\"wp-block-contact-form-7-contact-form-selector\"><div role=\"form\" class=\"wpcf7\" id=\"wpcf7-f1539-o1\" lang=\"pt-BR\" dir=\"ltr\">\n<div class=\"screen-reader-response\"><p role=\"status\" aria-live=\"polite\" aria-atomic=\"true\"><\/p> <ul><\/ul><\/div>\n<form action=\"\/site1\/wp-json\/wp\/v2\/pages\/1540#wpcf7-f1539-o1\" method=\"post\" class=\"wpcf7-form init\" enctype=\"multipart\/form-data\" novalidate=\"novalidate\" data-status=\"init\">\n<div style=\"display: none;\">\n<input type=\"hidden\" name=\"_wpcf7\" value=\"1539\" \/>\n<input type=\"hidden\" name=\"_wpcf7_version\" value=\"5.6.4\" \/>\n<input type=\"hidden\" name=\"_wpcf7_locale\" value=\"pt_BR\" \/>\n<input type=\"hidden\" name=\"_wpcf7_unit_tag\" value=\"wpcf7-f1539-o1\" \/>\n<input type=\"hidden\" name=\"_wpcf7_container_post\" value=\"0\" \/>\n<input type=\"hidden\" name=\"_wpcf7_posted_data_hash\" value=\"\" \/>\n<input type=\"hidden\" name=\"_wpcf7_recaptcha_response\" value=\"\" \/>\n<\/div>\n<p><label> Seu nome (Obrigat\u00f3rio)<br \/>\n<span class=\"wpcf7-form-control-wrap\" data-name=\"text-277\"><input type=\"text\" name=\"text-277\" value=\"\" size=\"40\" class=\"wpcf7-form-control wpcf7-text wpcf7-validates-as-required\" aria-required=\"true\" aria-invalid=\"false\" \/><\/span><br \/>\n<\/label><\/p>\n<p><label> Seu Telefone (Obrigat\u00f3rio)<br \/>\n<span class=\"wpcf7-form-control-wrap\" data-name=\"tel-256\"><input type=\"tel\" name=\"tel-256\" value=\"\" size=\"40\" class=\"wpcf7-form-control wpcf7-text wpcf7-tel wpcf7-validates-as-required wpcf7-validates-as-tel\" aria-required=\"true\" aria-invalid=\"false\" \/><\/span><br \/>\n<\/label><\/p>\n<p><label> Seu e-mail<br \/>\n<span class=\"wpcf7-form-control-wrap\" data-name=\"email-383\"><input type=\"email\" name=\"email-383\" value=\"\" size=\"40\" class=\"wpcf7-form-control wpcf7-text wpcf7-email wpcf7-validates-as-email\" aria-invalid=\"false\" \/><\/span><br \/>\n<\/label><\/p>\n<p><label> Seu Endere\u00e7o (Obrigat\u00f3rio)<br \/>\n<span class=\"wpcf7-form-control-wrap\" data-name=\"text-240\"><input type=\"text\" name=\"text-240\" value=\"\" size=\"40\" class=\"wpcf7-form-control wpcf7-text wpcf7-validates-as-required\" aria-required=\"true\" aria-invalid=\"false\" \/><\/span><br \/>\n<\/label><\/p>\n<p><label> Descreva os produtos de Necessita (Obrigat\u00f3rio)<br \/>\n<span class=\"wpcf7-form-control-wrap\" data-name=\"textarea-758\"><textarea name=\"textarea-758\" cols=\"40\" rows=\"10\" class=\"wpcf7-form-control wpcf7-textarea wpcf7-validates-as-required\" aria-required=\"true\" aria-invalid=\"false\"><\/textarea><\/span><br \/>\n<\/label><\/p>\n<p><label> Anexe o seu arquivo, caso necess\u00e1rio <\/label><br \/>\n<span class=\"wpcf7-form-control-wrap\" data-name=\"file-945\"><input type=\"file\" name=\"file-945\" size=\"40\" class=\"wpcf7-form-control wpcf7-file\" accept=\"audio\/*,video\/*,image\/*\" aria-invalid=\"false\" \/><\/span><\/p>\n<p><input type=\"submit\" value=\"Enviar\" class=\"wpcf7-form-control has-spinner wpcf7-submit\" \/><\/p>\n<div class=\"wpcf7-response-output\" aria-hidden=\"true\"><\/div><\/form><\/div><\/div>\n\n\n\n<p class=\"has-text-align-center\"><strong>SOLICITE O SEU OR\u00c7AMENTO TAMB\u00c9M ATRAV\u00c9S DE NOSSO WHATSAPP:&nbsp;(31) 3019-7671<\/strong><\/p>\n\n\n\n<p><\/p>\n","protected":false},"excerpt":{"rendered":"<p>Or\u00e7amento On Line: Utilize esta p\u00e1gina para enviar um or\u00e7amento para nossa equipe, teremos o prazer em lhe responder!Caso deseje voc\u00ea tamb\u00e9m pode entrar em contato conosco nos seguintes endere\u00e7os &#8230;<\/p>\n","protected":false},"author":1,"featured_media":0,"parent":0,"menu_order":0,"comment_status":"closed","ping_status":"closed","template":"","meta":[],"_links":{"self":[{"href":"https:\/\/www.vidracariamineirao.com.br\/site1\/wp-json\/wp\/v2\/pages\/1540"}],"collection":[{"href":"https:\/\/www.vidracariamineirao.com.br\/site1\/wp-json\/wp\/v2\/pages"}],"about":[{"href":"https:\/\/www.vidracariamineirao.com.br\/site1\/wp-json\/wp\/v2\/types\/page"}],"author":[{"embeddable":true,"href":"https:\/\/www.vidracariamineirao.com.br\/site1\/wp-json\/wp\/v2\/users\/1"}],"replies":[{"embeddable":true,"href":"https:\/\/www.vidracariamineirao.com.br\/site1\/wp-json\/wp\/v2\/comments?post=1540"}],"version-history":[{"count":8,"href":"https:\/\/www.vidracariamineirao.com.br\/site1\/wp-json\/wp\/v2\/pages\/1540\/revisions"}],"predecessor-version":[{"id":1649,"href":"https:\/\/www.vidracariamineirao.com.br\/site1\/wp-json\/wp\/v2\/pages\/1540\/revisions\/1649"}],"wp:attachment":[{"href":"https:\/\/www.vidracariamineirao.com.br\/site1\/wp-json\/wp\/v2\/media?parent=1540"}],"curies":[{"name":"wp","href":"https:\/\/api.w.org\/{rel}","templated":true}]}}