{"id":1183,"date":"2016-03-18T06:13:33","date_gmt":"2016-03-18T06:13:33","guid":{"rendered":"http:\/\/demos.famethemes.com\/onepress\/cart\/"},"modified":"2024-10-09T20:00:09","modified_gmt":"2024-10-09T23:00:09","slug":"nossos-clientes","status":"publish","type":"page","link":"https:\/\/www.vidracariamineirao.com.br\/site1\/nossos-clientes\/","title":{"rendered":"NOSSOS CLIENTES"},"content":{"rendered":"<p><strong>Alguns de Nossos Clientes<\/strong><\/p>\n\n\n<p>A&nbsp;<strong>Vidra\u00e7aria Mineir\u00e3o<\/strong>&nbsp;conta um grande n\u00famero de clientes satisfeitos com seus produtos e servi\u00e7os.<br>Para n\u00f3s o importante \u00e9 a satisfa\u00e7\u00e3o plena de seus clientes, para tanto, buscamos sempre trabalhar com materiais de primeira e com profissionais muito bem treinados.<\/p>\n\n\n\n<p>Disponibilizamos uma lista com alguns de nossos clientes satisfeitos, tudo para fornecer maior seguran\u00e7a, conforto e acima de tudo confian\u00e7a aos nossos novos clientes.<\/p>\n\n\n\n<ul>\n<li>Construtora Emblema<\/li>\n\n\n\n<li>MRV Engenharia<\/li>\n\n\n\n<li>Construtora Tenda<\/li>\n\n\n\n<li>Esta\u00e7\u00e3o Diamante<\/li>\n\n\n\n<li>Posto Chef\u00e3o<\/li>\n\n\n\n<li>Diversos Pr\u00e9dios e Condom\u00ednios de BH<\/li>\n\n\n\n<li>Diversos S\u00edtios na regi\u00e3o metropolitana<\/li>\n\n\n\n<li>Centenas de resid\u00eancias em BH e regi\u00e3o metropolitana<\/li>\n<\/ul>\n\n\n\n<p><strong>Seja tamb\u00e9m um cliente &nbsp;da&nbsp;Vidra\u00e7aria Mineir\u00e3o, pe\u00e7a um or\u00e7amento pelo site ou entre em contato por telefone<\/strong><\/p>\n","protected":false},"excerpt":{"rendered":"<p>Alguns de Nossos Clientes A&nbsp;Vidra\u00e7aria Mineir\u00e3o&nbsp;conta um grande n\u00famero de clientes satisfeitos com seus produtos e servi\u00e7os.Para n\u00f3s o importante \u00e9 a satisfa\u00e7\u00e3o plena de seus clientes, para tanto, buscamos &#8230;<\/p>\n","protected":false},"author":2,"featured_media":0,"parent":0,"menu_order":0,"comment_status":"closed","ping_status":"closed","template":"template-fullwidth.php","meta":[],"_links":{"self":[{"href":"https:\/\/www.vidracariamineirao.com.br\/site1\/wp-json\/wp\/v2\/pages\/1183"}],"collection":[{"href":"https:\/\/www.vidracariamineirao.com.br\/site1\/wp-json\/wp\/v2\/pages"}],"about":[{"href":"https:\/\/www.vidracariamineirao.com.br\/site1\/wp-json\/wp\/v2\/types\/page"}],"author":[{"embeddable":true,"href":"https:\/\/www.vidracariamineirao.com.br\/site1\/wp-json\/wp\/v2\/users\/2"}],"replies":[{"embeddable":true,"href":"https:\/\/www.vidracariamineirao.com.br\/site1\/wp-json\/wp\/v2\/comments?post=1183"}],"version-history":[{"count":6,"href":"https:\/\/www.vidracariamineirao.com.br\/site1\/wp-json\/wp\/v2\/pages\/1183\/revisions"}],"predecessor-version":[{"id":1651,"href":"https:\/\/www.vidracariamineirao.com.br\/site1\/wp-json\/wp\/v2\/pages\/1183\/revisions\/1651"}],"wp:attachment":[{"href":"https:\/\/www.vidracariamineirao.com.br\/site1\/wp-json\/wp\/v2\/media?parent=1183"}],"curies":[{"name":"wp","href":"https:\/\/api.w.org\/{rel}","templated":true}]}}